{"id":881,"date":"2025-12-10T09:40:41","date_gmt":"2025-12-10T15:40:41","guid":{"rendered":"https:\/\/caciahomes.com.mx\/?page_id=881"},"modified":"2026-02-05T18:35:51","modified_gmt":"2026-02-06T00:35:51","slug":"sobre-cacia-homes","status":"publish","type":"page","link":"https:\/\/caciahomes.com.mx\/index.php\/sobre-cacia-homes\/","title":{"rendered":"sobre-cacia-homes"},"content":{"rendered":"\t\t<div data-elementor-type=\"wp-page\" data-elementor-id=\"881\" class=\"elementor elementor-881\" data-elementor-settings=\"{&quot;ha_cmc_init_switcher&quot;:&quot;no&quot;}\">\n\t\t\t\t<div class=\"elementor-element elementor-element-8e3d3d9 e-con-full e-flex wpr-particle-no wpr-jarallax-no wpr-parallax-no wpr-sticky-section-no e-con e-parent\" data-id=\"8e3d3d9\" data-element_type=\"container\" data-e-type=\"container\" data-settings=\"{&quot;background_background&quot;:&quot;classic&quot;,&quot;_ha_eqh_enable&quot;:false}\">\n\t\t\t\t<\/div>\n\t\t<div class=\"elementor-element elementor-element-3c17d45 e-flex e-con-boxed wpr-particle-no wpr-jarallax-no wpr-parallax-no wpr-sticky-section-no e-con e-parent\" data-id=\"3c17d45\" data-element_type=\"container\" data-e-type=\"container\" data-settings=\"{&quot;_ha_eqh_enable&quot;:false}\">\n\t\t\t\t\t<div class=\"e-con-inner\">\n\t\t\t\t<div class=\"elementor-element elementor-element-bdf51b9 elementor-widget elementor-widget-spacer\" data-id=\"bdf51b9\" data-element_type=\"widget\" data-e-type=\"widget\" data-widget_type=\"spacer.default\">\n\t\t\t\t<div class=\"elementor-widget-container\">\n\t\t\t\t\t\t\t<div class=\"elementor-spacer\">\n\t\t\t<div class=\"elementor-spacer-inner\"><\/div>\n\t\t<\/div>\n\t\t\t\t\t\t<\/div>\n\t\t\t\t<\/div>\n\t\t\t\t\t<\/div>\n\t\t\t\t<\/div>\n\t\t<div class=\"elementor-element elementor-element-0032296 e-flex e-con-boxed wpr-particle-no wpr-jarallax-no wpr-parallax-no wpr-sticky-section-no e-con e-parent\" data-id=\"0032296\" data-element_type=\"container\" data-e-type=\"container\" data-settings=\"{&quot;_ha_eqh_enable&quot;:false}\">\n\t\t\t\t\t<div class=\"e-con-inner\">\n\t\t\t\t<div class=\"elementor-element elementor-element-4d440cc elementor-widget elementor-widget-text-editor\" data-id=\"4d440cc\" data-element_type=\"widget\" data-e-type=\"widget\" data-widget_type=\"text-editor.default\">\n\t\t\t\t<div class=\"elementor-widget-container\">\n\t\t\t\t\t\t\t\t\t<div><span style=\"font-size: 16px;\">M\u00c1S DE DOS D\u00c9CADAS DISE\u00d1ANDO Y CONSTRUYENDO OBRAS ARQUITECT\u00d3NICAS RESIDENCIALES QUE IMPACTACTAN Y TRASCIENDEN EN EL TIEMPO<\/span><\/div>\t\t\t\t\t\t\t\t<\/div>\n\t\t\t\t<\/div>\n\t\t\t\t<div class=\"elementor-element elementor-element-047de40 elementor-widget elementor-widget-heading\" data-id=\"047de40\" data-element_type=\"widget\" data-e-type=\"widget\" data-widget_type=\"heading.default\">\n\t\t\t\t<div class=\"elementor-widget-container\">\n\t\t\t\t\t<h2 class=\"elementor-heading-title elementor-size-default\">CACIA HOMES<\/h2>\t\t\t\t<\/div>\n\t\t\t\t<\/div>\n\t\t\t\t\t<\/div>\n\t\t\t\t<\/div>\n\t\t<div class=\"elementor-element elementor-element-b563acc e-flex e-con-boxed wpr-particle-no wpr-jarallax-no wpr-parallax-no wpr-sticky-section-no e-con e-parent\" data-id=\"b563acc\" data-element_type=\"container\" data-e-type=\"container\" data-settings=\"{&quot;_ha_eqh_enable&quot;:false}\">\n\t\t\t\t\t<div class=\"e-con-inner\">\n\t\t<div class=\"elementor-element elementor-element-79d1fd7 e-con-full e-flex wpr-particle-no wpr-jarallax-no wpr-parallax-no wpr-sticky-section-no e-con e-child\" data-id=\"79d1fd7\" data-element_type=\"container\" data-e-type=\"container\" data-settings=\"{&quot;_ha_eqh_enable&quot;:false}\">\n\t\t\t\t<div class=\"elementor-element elementor-element-5ecd58c elementor-widget elementor-widget-text-editor\" data-id=\"5ecd58c\" data-element_type=\"widget\" data-e-type=\"widget\" data-widget_type=\"text-editor.default\">\n\t\t\t\t<div class=\"elementor-widget-container\">\n\t\t\t\t\t\t\t\t\t<div><p><br \/><span style=\"font-size: 16px;\"><span style=\"font-size: 16px;\">En Cacia Homes <b>somos dise\u00f1adores y constructores de proyectos residenciales<\/b> con <b>m\u00e1s de 20 a\u00f1os de experiencia<\/b>.<\/span><\/span><\/p><p>Nuestra trayectoria se distingue por <b>materializar sue\u00f1os arquitect\u00f3nicos<\/b> en diferentes climas y regiones del pa\u00eds, fusionando estilos tanto cl\u00e1sicos como contempor\u00e1neos con un sello inconfundible de <b>est\u00e9tica \u00a0elegancia, funcionalidad y confort<\/b>.<\/p><\/div>\t\t\t\t\t\t\t\t<\/div>\n\t\t\t\t<\/div>\n\t\t<div class=\"elementor-element elementor-element-f3448c9 e-con-full e-flex wpr-particle-no wpr-jarallax-no wpr-parallax-no wpr-sticky-section-no e-con e-child\" data-id=\"f3448c9\" data-element_type=\"container\" data-e-type=\"container\" data-settings=\"{&quot;_ha_eqh_enable&quot;:false}\">\n\t\t<div class=\"elementor-element elementor-element-dd7f27f e-con-full e-flex wpr-particle-no wpr-jarallax-no wpr-parallax-no wpr-sticky-section-no e-con e-child\" data-id=\"dd7f27f\" data-element_type=\"container\" data-e-type=\"container\" data-settings=\"{&quot;_ha_eqh_enable&quot;:false}\">\n\t\t\t\t<div class=\"elementor-element elementor-element-5aa5bfe elementor-widget elementor-widget-html\" data-id=\"5aa5bfe\" data-element_type=\"widget\" data-e-type=\"widget\" data-widget_type=\"html.default\">\n\t\t\t\t<div class=\"elementor-widget-container\">\n\t\t\t\t\t<style>\n.we-pictures {\n    position: relative;\n    width: 100%;\n    max-width: 420px;\n    aspect-ratio: 322 \/ 104;\n    margin: auto;\n}\n\n.we-pictures img {\n    position: absolute;\n    width: 100%;\n    height: auto;\n}\n\n\/* Rect\u00e1ngulo gris \u2014 ATR\u00c1S *\/\n#emptyRectangle {\n    top: 40%;\n    right: 12%;\n    z-index: 1;\n}\n\n#emptyRectangle {\n    opacity: 0.9;\n}\n\n\n\/* Imagen principal \u2014 ADELANTE *\/\n#weHomeExample {\n    top: 0;\n    right: 0;\n    z-index: 2;\n}\n\n\n.we-pictures img {\n    transition: transform 0.4s ease;\n}\n\n.we-pictures:hover #weHomeExample {\n    transform: translateY(-4px);\n}\n\n<\/style>\n\n<div class=\"we-pictures\">\n    <img decoding=\"async\" \n        src=\"https:\/\/caciahomes.com.mx\/wp-content\/uploads\/2025\/12\/WeHouse.jpg\"\n        id=\"weHomeExample\"\n        alt=\"Casa ejemplo\"\n    \/>\n\n    <img decoding=\"async\" \n        src=\"https:\/\/caciahomes.com.mx\/wp-content\/uploads\/2025\/12\/EmptyRectangle.png\"\n        id=\"emptyRectangle\"\n        alt=\"Decoraci\u00f3n\"\n    \/>\n<\/div>\n\n\n\n\t\t\t\t<\/div>\n\t\t\t\t<\/div>\n\t\t\t\t<\/div>\n\t\t<div class=\"elementor-element elementor-element-72cd907 e-con-full e-flex wpr-particle-no wpr-jarallax-no wpr-parallax-no wpr-sticky-section-no e-con e-child\" data-id=\"72cd907\" data-element_type=\"container\" data-e-type=\"container\" data-settings=\"{&quot;_ha_eqh_enable&quot;:false}\">\n\t\t<div class=\"elementor-element elementor-element-a24f887 e-con-full e-flex wpr-particle-no wpr-jarallax-no wpr-parallax-no wpr-sticky-section-no e-con e-child\" data-id=\"a24f887\" data-element_type=\"container\" data-e-type=\"container\" data-settings=\"{&quot;_ha_eqh_enable&quot;:false}\">\n\t\t\t\t<div class=\"elementor-element elementor-element-f90260f elementor-widget elementor-widget-heading\" data-id=\"f90260f\" data-element_type=\"widget\" data-e-type=\"widget\" data-widget_type=\"heading.default\">\n\t\t\t\t<div class=\"elementor-widget-container\">\n\t\t\t\t\t<h2 class=\"elementor-heading-title elementor-size-default\">MISI\u00d3N<\/h2>\t\t\t\t<\/div>\n\t\t\t\t<\/div>\n\t\t\t\t<div class=\"elementor-element elementor-element-a38dcdc elementor-widget elementor-widget-text-editor\" data-id=\"a38dcdc\" data-element_type=\"widget\" data-e-type=\"widget\" data-widget_type=\"text-editor.default\">\n\t\t\t\t<div class=\"elementor-widget-container\">\n\t\t\t\t\t\t\t\t\t<div><span style=\"font-size: 16px;\">Crear residencias personalizadas, combinando, funcionalidad y vanguardia est\u00e9tica, reflejando el estilo de vida y las aspiraciones de cada cliente.<\/span><\/div>\t\t\t\t\t\t\t\t<\/div>\n\t\t\t\t<\/div>\n\t\t\t\t<\/div>\n\t\t<div class=\"elementor-element elementor-element-877b5c7 e-con-full e-flex wpr-particle-no wpr-jarallax-no wpr-parallax-no wpr-sticky-section-no e-con e-child\" data-id=\"877b5c7\" data-element_type=\"container\" data-e-type=\"container\" data-settings=\"{&quot;_ha_eqh_enable&quot;:false}\">\n\t\t\t\t<div class=\"elementor-element elementor-element-6971e09 elementor-widget elementor-widget-heading\" data-id=\"6971e09\" data-element_type=\"widget\" data-e-type=\"widget\" data-widget_type=\"heading.default\">\n\t\t\t\t<div class=\"elementor-widget-container\">\n\t\t\t\t\t<h2 class=\"elementor-heading-title elementor-size-default\">VISI\u00d3N<\/h2>\t\t\t\t<\/div>\n\t\t\t\t<\/div>\n\t\t\t\t<div class=\"elementor-element elementor-element-83c15d1 elementor-widget elementor-widget-text-editor\" data-id=\"83c15d1\" data-element_type=\"widget\" data-e-type=\"widget\" data-widget_type=\"text-editor.default\">\n\t\t\t\t<div class=\"elementor-widget-container\">\n\t\t\t\t\t\t\t\t\t<div><span style=\"font-size: 16px;\">Consolidarnos como referente en dise\u00f1o y construcci\u00f3n de residencias de alto nivel, creando proyectos de valor atemporal.<\/span><\/div>\t\t\t\t\t\t\t\t<\/div>\n\t\t\t\t<\/div>\n\t\t\t\t<\/div>\n\t\t\t\t<\/div>\n\t\t\t\t<\/div>\n\t\t\t\t<\/div>\n\t\t\t\t\t<\/div>\n\t\t\t\t<\/div>\n\t\t<div class=\"elementor-element elementor-element-0498272 e-flex e-con-boxed wpr-particle-no wpr-jarallax-no wpr-parallax-no wpr-sticky-section-no e-con e-parent\" data-id=\"0498272\" data-element_type=\"container\" data-e-type=\"container\" data-settings=\"{&quot;_ha_eqh_enable&quot;:false}\">\n\t\t\t\t\t<div class=\"e-con-inner\">\n\t\t\t\t<div class=\"elementor-element elementor-element-25831e4 elementor-widget elementor-widget-spacer\" data-id=\"25831e4\" data-element_type=\"widget\" data-e-type=\"widget\" data-widget_type=\"spacer.default\">\n\t\t\t\t<div class=\"elementor-widget-container\">\n\t\t\t\t\t\t\t<div class=\"elementor-spacer\">\n\t\t\t<div class=\"elementor-spacer-inner\"><\/div>\n\t\t<\/div>\n\t\t\t\t\t\t<\/div>\n\t\t\t\t<\/div>\n\t\t\t\t\t<\/div>\n\t\t\t\t<\/div>\n\t\t<div class=\"elementor-element elementor-element-83d5192 e-flex e-con-boxed wpr-particle-no wpr-jarallax-no wpr-parallax-no wpr-sticky-section-no e-con e-parent\" data-id=\"83d5192\" data-element_type=\"container\" data-e-type=\"container\" data-settings=\"{&quot;background_background&quot;:&quot;classic&quot;,&quot;_ha_eqh_enable&quot;:false}\">\n\t\t\t\t\t<div class=\"e-con-inner\">\n\t\t\t\t<div class=\"elementor-element elementor-element-2df1a94 elementor-widget elementor-widget-heading\" data-id=\"2df1a94\" data-element_type=\"widget\" data-e-type=\"widget\" data-widget_type=\"heading.default\">\n\t\t\t\t<div class=\"elementor-widget-container\">\n\t\t\t\t\t<h2 class=\"elementor-heading-title elementor-size-default\">VALORES<\/h2>\t\t\t\t<\/div>\n\t\t\t\t<\/div>\n\t\t\t\t<div class=\"elementor-element elementor-element-bd1ba12 elementor-widget elementor-widget-text-editor\" data-id=\"bd1ba12\" data-element_type=\"widget\" data-e-type=\"widget\" data-widget_type=\"text-editor.default\">\n\t\t\t\t<div class=\"elementor-widget-container\">\n\t\t\t\t\t\t\t\t\t<div>\u00c9TICA &#8211; COMPROMISO &#8211; LEALTAD &#8211; RESPETO &#8211; PASI\u00d3N<\/div>\t\t\t\t\t\t\t\t<\/div>\n\t\t\t\t<\/div>\n\t\t<div class=\"elementor-element elementor-element-2d43c09 e-con-full e-flex wpr-particle-no wpr-jarallax-no wpr-parallax-no wpr-sticky-section-no e-con e-child\" data-id=\"2d43c09\" data-element_type=\"container\" data-e-type=\"container\" data-settings=\"{&quot;_ha_eqh_enable&quot;:false}\">\n\t\t\t\t<div class=\"elementor-element elementor-element-f7d6cff elementor-widget elementor-widget-button\" data-id=\"f7d6cff\" data-element_type=\"widget\" data-e-type=\"widget\" data-widget_type=\"button.default\">\n\t\t\t\t<div class=\"elementor-widget-container\">\n\t\t\t\t\t\t\t\t\t<div class=\"elementor-button-wrapper\">\n\t\t\t\t\t<a class=\"elementor-button elementor-button-link elementor-size-sm\" href=\"#\">\n\t\t\t\t\t\t<span class=\"elementor-button-content-wrapper\">\n\t\t\t\t\t\t\t\t\t<span class=\"elementor-button-text\">Solicita tu Propuesta<\/span>\n\t\t\t\t\t<\/span>\n\t\t\t\t\t<\/a>\n\t\t\t\t<\/div>\n\t\t\t\t\t\t\t\t<\/div>\n\t\t\t\t<\/div>\n\t\t\t\t<\/div>\n\t\t\t\t\t<\/div>\n\t\t\t\t<\/div>\n\t\t\t\t<\/div>\n\t\t","protected":false},"excerpt":{"rendered":"<p>M\u00c1S DE DOS D\u00c9CADAS DISE\u00d1ANDO Y CONSTRUYENDO OBRAS ARQUITECT\u00d3NICAS RESIDENCIALES QUE IMPACTACTAN Y TRASCIENDEN EN EL TIEMPO CACIA HOMES En Cacia Homes somos dise\u00f1adores y constructores de proyectos residenciales con m\u00e1s de 20 a\u00f1os de experiencia. Nuestra trayectoria se distingue por materializar sue\u00f1os arquitect\u00f3nicos en diferentes climas y regiones del pa\u00eds, fusionando estilos tanto cl\u00e1sicos como contempor\u00e1neos con un sello inconfundible de est\u00e9tica \u00a0elegancia, funcionalidad y confort. MISI\u00d3N Crear residencias personalizadas, combinando, funcionalidad y vanguardia est\u00e9tica, reflejando el estilo de vida y las aspiraciones de cada cliente. VISI\u00d3N Consolidarnos como referente en dise\u00f1o y construcci\u00f3n de residencias de alto nivel, creando proyectos de valor atemporal. VALORES \u00c9TICA &#8211; COMPROMISO &#8211; LEALTAD &#8211; RESPETO &#8211; PASI\u00d3N Solicita tu Propuesta<\/p>\n","protected":false},"author":1,"featured_media":0,"parent":0,"menu_order":0,"comment_status":"closed","ping_status":"closed","template":"","meta":{"site-sidebar-layout":"no-sidebar","site-content-layout":"","ast-site-content-layout":"full-width-container","site-content-style":"default","site-sidebar-style":"default","ast-global-header-display":"","ast-banner-title-visibility":"","ast-main-header-display":"","ast-hfb-above-header-display":"","ast-hfb-below-header-display":"","ast-hfb-mobile-header-display":"","site-post-title":"","ast-breadcrumbs-content":"","ast-featured-img":"disabled","footer-sml-layout":"","ast-disable-related-posts":"","theme-transparent-header-meta":"","adv-header-id-meta":"","stick-header-meta":"","header-above-stick-meta":"","header-main-stick-meta":"","header-below-stick-meta":"","astra-migrate-meta-layouts":"default","ast-page-background-enabled":"default","ast-page-background-meta":{"desktop":{"background-color":"var(--ast-global-color-5)","background-image":"","background-repeat":"repeat","background-position":"center center","background-size":"auto","background-attachment":"scroll","background-type":"","background-media":"","overlay-type":"","overlay-color":"","overlay-opacity":"","overlay-gradient":""},"tablet":{"background-color":"","background-image":"","background-repeat":"repeat","background-position":"center center","background-size":"auto","background-attachment":"scroll","background-type":"","background-media":"","overlay-type":"","overlay-color":"","overlay-opacity":"","overlay-gradient":""},"mobile":{"background-color":"","background-image":"","background-repeat":"repeat","background-position":"center center","background-size":"auto","background-attachment":"scroll","background-type":"","background-media":"","overlay-type":"","overlay-color":"","overlay-opacity":"","overlay-gradient":""}},"ast-content-background-meta":{"desktop":{"background-color":"var(--ast-global-color-4)","background-image":"","background-repeat":"repeat","background-position":"center center","background-size":"auto","background-attachment":"scroll","background-type":"","background-media":"","overlay-type":"","overlay-color":"","overlay-opacity":"","overlay-gradient":""},"tablet":{"background-color":"var(--ast-global-color-4)","background-image":"","background-repeat":"repeat","background-position":"center center","background-size":"auto","background-attachment":"scroll","background-type":"","background-media":"","overlay-type":"","overlay-color":"","overlay-opacity":"","overlay-gradient":""},"mobile":{"background-color":"var(--ast-global-color-4)","background-image":"","background-repeat":"repeat","background-position":"center center","background-size":"auto","background-attachment":"scroll","background-type":"","background-media":"","overlay-type":"","overlay-color":"","overlay-opacity":"","overlay-gradient":""}},"footnotes":""},"class_list":["post-881","page","type-page","status-publish","hentry"],"yoast_head":"<!-- This site is optimized with the Yoast SEO plugin v27.2 - https:\/\/yoast.com\/product\/yoast-seo-wordpress\/ -->\n<title>sobre-cacia-homes &#8212; Cacia Homes<\/title>\n<meta name=\"robots\" content=\"index, follow, max-snippet:-1, max-image-preview:large, max-video-preview:-1\" \/>\n<link rel=\"canonical\" href=\"https:\/\/caciahomes.com.mx\/index.php\/sobre-cacia-homes\/\" \/>\n<meta property=\"og:locale\" content=\"es_MX\" \/>\n<meta property=\"og:type\" content=\"article\" \/>\n<meta property=\"og:title\" content=\"sobre-cacia-homes &#8212; Cacia Homes\" \/>\n<meta property=\"og:description\" content=\"M\u00c1S DE DOS D\u00c9CADAS DISE\u00d1ANDO Y CONSTRUYENDO OBRAS ARQUITECT\u00d3NICAS RESIDENCIALES QUE IMPACTACTAN Y TRASCIENDEN EN EL TIEMPO CACIA HOMES En Cacia Homes somos dise\u00f1adores y constructores de proyectos residenciales con m\u00e1s de 20 a\u00f1os de experiencia. Nuestra trayectoria se distingue por materializar sue\u00f1os arquitect\u00f3nicos en diferentes climas y regiones del pa\u00eds, fusionando estilos tanto cl\u00e1sicos como contempor\u00e1neos con un sello inconfundible de est\u00e9tica \u00a0elegancia, funcionalidad y confort. MISI\u00d3N Crear residencias personalizadas, combinando, funcionalidad y vanguardia est\u00e9tica, reflejando el estilo de vida y las aspiraciones de cada cliente. VISI\u00d3N Consolidarnos como referente en dise\u00f1o y construcci\u00f3n de residencias de alto nivel, creando proyectos de valor atemporal. VALORES \u00c9TICA &#8211; COMPROMISO &#8211; LEALTAD &#8211; RESPETO &#8211; PASI\u00d3N Solicita tu Propuesta\" \/>\n<meta property=\"og:url\" content=\"https:\/\/caciahomes.com.mx\/index.php\/sobre-cacia-homes\/\" \/>\n<meta property=\"og:site_name\" content=\"Cacia Homes\" \/>\n<meta property=\"article:modified_time\" content=\"2026-02-06T00:35:51+00:00\" \/>\n<meta property=\"og:image\" content=\"https:\/\/caciahomes.com.mx\/wp-content\/uploads\/2025\/12\/WeHouse.jpg\" \/>\n<meta name=\"twitter:card\" content=\"summary_large_image\" \/>\n<meta name=\"twitter:label1\" content=\"Tiempo de lectura\" \/>\n\t<meta name=\"twitter:data1\" content=\"1 minuto\" \/>\n<script type=\"application\/ld+json\" class=\"yoast-schema-graph\">{\"@context\":\"https:\/\/schema.org\",\"@graph\":[{\"@type\":\"WebPage\",\"@id\":\"https:\/\/caciahomes.com.mx\/index.php\/sobre-cacia-homes\/\",\"url\":\"https:\/\/caciahomes.com.mx\/index.php\/sobre-cacia-homes\/\",\"name\":\"sobre-cacia-homes &#8212; Cacia Homes\",\"isPartOf\":{\"@id\":\"https:\/\/caciahomes.com.mx\/#website\"},\"primaryImageOfPage\":{\"@id\":\"https:\/\/caciahomes.com.mx\/index.php\/sobre-cacia-homes\/#primaryimage\"},\"image\":{\"@id\":\"https:\/\/caciahomes.com.mx\/index.php\/sobre-cacia-homes\/#primaryimage\"},\"thumbnailUrl\":\"https:\/\/caciahomes.com.mx\/wp-content\/uploads\/2025\/12\/WeHouse.jpg\",\"datePublished\":\"2025-12-10T15:40:41+00:00\",\"dateModified\":\"2026-02-06T00:35:51+00:00\",\"breadcrumb\":{\"@id\":\"https:\/\/caciahomes.com.mx\/index.php\/sobre-cacia-homes\/#breadcrumb\"},\"inLanguage\":\"es\",\"potentialAction\":[{\"@type\":\"ReadAction\",\"target\":[\"https:\/\/caciahomes.com.mx\/index.php\/sobre-cacia-homes\/\"]}]},{\"@type\":\"ImageObject\",\"inLanguage\":\"es\",\"@id\":\"https:\/\/caciahomes.com.mx\/index.php\/sobre-cacia-homes\/#primaryimage\",\"url\":\"https:\/\/caciahomes.com.mx\/wp-content\/uploads\/2025\/12\/WeHouse.jpg\",\"contentUrl\":\"https:\/\/caciahomes.com.mx\/wp-content\/uploads\/2025\/12\/WeHouse.jpg\",\"width\":477,\"height\":265},{\"@type\":\"BreadcrumbList\",\"@id\":\"https:\/\/caciahomes.com.mx\/index.php\/sobre-cacia-homes\/#breadcrumb\",\"itemListElement\":[{\"@type\":\"ListItem\",\"position\":1,\"name\":\"Inicio\",\"item\":\"https:\/\/caciahomes.com.mx\/\"},{\"@type\":\"ListItem\",\"position\":2,\"name\":\"sobre-cacia-homes\"}]},{\"@type\":\"WebSite\",\"@id\":\"https:\/\/caciahomes.com.mx\/#website\",\"url\":\"https:\/\/caciahomes.com.mx\/\",\"name\":\"Cacia Homes\",\"description\":\"Tu Hogar Ideal\",\"publisher\":{\"@id\":\"https:\/\/caciahomes.com.mx\/#organization\"},\"alternateName\":\"Cacia Homes\",\"potentialAction\":[{\"@type\":\"SearchAction\",\"target\":{\"@type\":\"EntryPoint\",\"urlTemplate\":\"https:\/\/caciahomes.com.mx\/?s={search_term_string}\"},\"query-input\":{\"@type\":\"PropertyValueSpecification\",\"valueRequired\":true,\"valueName\":\"search_term_string\"}}],\"inLanguage\":\"es\"},{\"@type\":\"Organization\",\"@id\":\"https:\/\/caciahomes.com.mx\/#organization\",\"name\":\"Cacia Homes\",\"alternateName\":\"Cacia Homes\",\"url\":\"https:\/\/caciahomes.com.mx\/\",\"logo\":{\"@type\":\"ImageObject\",\"inLanguage\":\"es\",\"@id\":\"https:\/\/caciahomes.com.mx\/#\/schema\/logo\/image\/\",\"url\":\"https:\/\/caciahomes.com.mx\/wp-content\/uploads\/2025\/03\/cropped-logo-cacia-homes-1.png\",\"contentUrl\":\"https:\/\/caciahomes.com.mx\/wp-content\/uploads\/2025\/03\/cropped-logo-cacia-homes-1.png\",\"width\":512,\"height\":512,\"caption\":\"Cacia Homes\"},\"image\":{\"@id\":\"https:\/\/caciahomes.com.mx\/#\/schema\/logo\/image\/\"}}]}<\/script>\n<!-- \/ Yoast SEO plugin. -->","yoast_head_json":{"title":"sobre-cacia-homes &#8212; Cacia Homes","robots":{"index":"index","follow":"follow","max-snippet":"max-snippet:-1","max-image-preview":"max-image-preview:large","max-video-preview":"max-video-preview:-1"},"canonical":"https:\/\/caciahomes.com.mx\/index.php\/sobre-cacia-homes\/","og_locale":"es_MX","og_type":"article","og_title":"sobre-cacia-homes &#8212; Cacia Homes","og_description":"M\u00c1S DE DOS D\u00c9CADAS DISE\u00d1ANDO Y CONSTRUYENDO OBRAS ARQUITECT\u00d3NICAS RESIDENCIALES QUE IMPACTACTAN Y TRASCIENDEN EN EL TIEMPO CACIA HOMES En Cacia Homes somos dise\u00f1adores y constructores de proyectos residenciales con m\u00e1s de 20 a\u00f1os de experiencia. Nuestra trayectoria se distingue por materializar sue\u00f1os arquitect\u00f3nicos en diferentes climas y regiones del pa\u00eds, fusionando estilos tanto cl\u00e1sicos como contempor\u00e1neos con un sello inconfundible de est\u00e9tica \u00a0elegancia, funcionalidad y confort. MISI\u00d3N Crear residencias personalizadas, combinando, funcionalidad y vanguardia est\u00e9tica, reflejando el estilo de vida y las aspiraciones de cada cliente. VISI\u00d3N Consolidarnos como referente en dise\u00f1o y construcci\u00f3n de residencias de alto nivel, creando proyectos de valor atemporal. VALORES \u00c9TICA &#8211; COMPROMISO &#8211; LEALTAD &#8211; RESPETO &#8211; PASI\u00d3N Solicita tu Propuesta","og_url":"https:\/\/caciahomes.com.mx\/index.php\/sobre-cacia-homes\/","og_site_name":"Cacia Homes","article_modified_time":"2026-02-06T00:35:51+00:00","og_image":[{"url":"https:\/\/caciahomes.com.mx\/wp-content\/uploads\/2025\/12\/WeHouse.jpg","type":"","width":"","height":""}],"twitter_card":"summary_large_image","twitter_misc":{"Tiempo de lectura":"1 minuto"},"schema":{"@context":"https:\/\/schema.org","@graph":[{"@type":"WebPage","@id":"https:\/\/caciahomes.com.mx\/index.php\/sobre-cacia-homes\/","url":"https:\/\/caciahomes.com.mx\/index.php\/sobre-cacia-homes\/","name":"sobre-cacia-homes &#8212; Cacia Homes","isPartOf":{"@id":"https:\/\/caciahomes.com.mx\/#website"},"primaryImageOfPage":{"@id":"https:\/\/caciahomes.com.mx\/index.php\/sobre-cacia-homes\/#primaryimage"},"image":{"@id":"https:\/\/caciahomes.com.mx\/index.php\/sobre-cacia-homes\/#primaryimage"},"thumbnailUrl":"https:\/\/caciahomes.com.mx\/wp-content\/uploads\/2025\/12\/WeHouse.jpg","datePublished":"2025-12-10T15:40:41+00:00","dateModified":"2026-02-06T00:35:51+00:00","breadcrumb":{"@id":"https:\/\/caciahomes.com.mx\/index.php\/sobre-cacia-homes\/#breadcrumb"},"inLanguage":"es","potentialAction":[{"@type":"ReadAction","target":["https:\/\/caciahomes.com.mx\/index.php\/sobre-cacia-homes\/"]}]},{"@type":"ImageObject","inLanguage":"es","@id":"https:\/\/caciahomes.com.mx\/index.php\/sobre-cacia-homes\/#primaryimage","url":"https:\/\/caciahomes.com.mx\/wp-content\/uploads\/2025\/12\/WeHouse.jpg","contentUrl":"https:\/\/caciahomes.com.mx\/wp-content\/uploads\/2025\/12\/WeHouse.jpg","width":477,"height":265},{"@type":"BreadcrumbList","@id":"https:\/\/caciahomes.com.mx\/index.php\/sobre-cacia-homes\/#breadcrumb","itemListElement":[{"@type":"ListItem","position":1,"name":"Inicio","item":"https:\/\/caciahomes.com.mx\/"},{"@type":"ListItem","position":2,"name":"sobre-cacia-homes"}]},{"@type":"WebSite","@id":"https:\/\/caciahomes.com.mx\/#website","url":"https:\/\/caciahomes.com.mx\/","name":"Cacia Homes","description":"Tu Hogar Ideal","publisher":{"@id":"https:\/\/caciahomes.com.mx\/#organization"},"alternateName":"Cacia Homes","potentialAction":[{"@type":"SearchAction","target":{"@type":"EntryPoint","urlTemplate":"https:\/\/caciahomes.com.mx\/?s={search_term_string}"},"query-input":{"@type":"PropertyValueSpecification","valueRequired":true,"valueName":"search_term_string"}}],"inLanguage":"es"},{"@type":"Organization","@id":"https:\/\/caciahomes.com.mx\/#organization","name":"Cacia Homes","alternateName":"Cacia Homes","url":"https:\/\/caciahomes.com.mx\/","logo":{"@type":"ImageObject","inLanguage":"es","@id":"https:\/\/caciahomes.com.mx\/#\/schema\/logo\/image\/","url":"https:\/\/caciahomes.com.mx\/wp-content\/uploads\/2025\/03\/cropped-logo-cacia-homes-1.png","contentUrl":"https:\/\/caciahomes.com.mx\/wp-content\/uploads\/2025\/03\/cropped-logo-cacia-homes-1.png","width":512,"height":512,"caption":"Cacia Homes"},"image":{"@id":"https:\/\/caciahomes.com.mx\/#\/schema\/logo\/image\/"}}]}},"_links":{"self":[{"href":"https:\/\/caciahomes.com.mx\/index.php\/wp-json\/wp\/v2\/pages\/881","targetHints":{"allow":["GET"]}}],"collection":[{"href":"https:\/\/caciahomes.com.mx\/index.php\/wp-json\/wp\/v2\/pages"}],"about":[{"href":"https:\/\/caciahomes.com.mx\/index.php\/wp-json\/wp\/v2\/types\/page"}],"author":[{"embeddable":true,"href":"https:\/\/caciahomes.com.mx\/index.php\/wp-json\/wp\/v2\/users\/1"}],"replies":[{"embeddable":true,"href":"https:\/\/caciahomes.com.mx\/index.php\/wp-json\/wp\/v2\/comments?post=881"}],"version-history":[{"count":142,"href":"https:\/\/caciahomes.com.mx\/index.php\/wp-json\/wp\/v2\/pages\/881\/revisions"}],"predecessor-version":[{"id":1682,"href":"https:\/\/caciahomes.com.mx\/index.php\/wp-json\/wp\/v2\/pages\/881\/revisions\/1682"}],"wp:attachment":[{"href":"https:\/\/caciahomes.com.mx\/index.php\/wp-json\/wp\/v2\/media?parent=881"}],"curies":[{"name":"wp","href":"https:\/\/api.w.org\/{rel}","templated":true}]}}